{"id":211,"date":"2020-03-13T12:49:23","date_gmt":"2020-03-13T12:49:23","guid":{"rendered":"http:\/\/janborkenstein.com\/mi-iv-2020\/?page_id=211"},"modified":"2021-05-04T10:54:57","modified_gmt":"2021-05-04T10:54:57","slug":"impressum","status":"publish","type":"page","link":"https:\/\/www.michael-ivens-hamburg.de\/en\/impressum\/","title":{"rendered":"Imprint"},"content":{"rendered":"<h2 id=\"kontakt\">Angaben gem\u00e4\u00df \u00a7 5 TMG:<\/h2>\n\n\n\n<p>Dr. Michael Ivens LL.M (LSE)<br>Am Kaiserkai 62<br>20457 Hamburg<br>Deutschland<\/p>\n\n\n\n<p><strong>E-Mail-Adresse:<\/strong>&nbsp;<a href=\"mailto:mivens@weiland-rechtsanwaelte.de\">mivens@weiland-rechtsanwaelte.de<\/a><br><strong>Telefon:<\/strong>&nbsp;+49 (0)40 361307 281<\/p>\n\n\n\n<p><strong>Verantwortlich f\u00fcr die Inhalte<\/strong><br>Dr. Michael Ivens LL.M (LSE)<\/p>\n\n\n\n<p><strong>Berufsrechtliche K\u00f6rperschaft<\/strong><br>Hanseatische Rechtsanwaltskammer Hamburg<br>K\u00f6rperschaft des \u00d6ffentlichen Rechts&nbsp;<br>Valentinskamp 88, 20355 Hamburg<br>T 040 \/ 35 74 41-0<br>F 040 \/ 35 74 41-41<br>info@rak-hamburg.de<\/p>\n\n\n\n<p><strong>Gesetzliche Berufsbezeichnung<\/strong><br>Die Berufsbezeichnungen Rechtsanwalt\/Rechtsanw\u00e4ltin werden von der&nbsp;<br>Bundesrepublik Deutschland (Bundesland HH) verliehen.&nbsp;<\/p>\n\n\n\n<p><strong>Berufshaftpflichtversicherung<\/strong><br>Gothaer Allgemeine Versicherung AG, Katharinenstra\u00dfe 23-25, 20457 Hamburg&nbsp;<br>R\u00e4umlicher Geltungsbereich: Im gesamten EU-Gebiet und den Staaten des Abkommens&nbsp;<br>\u00fcber den europ\u00e4ischen Wirtschaftsraum.<\/p>\n\n\n\n<p><strong>Au\u00dfergerichtliche Streitschlichtung<\/strong><br>Bei Streitigkeiten zwischen Rechtsanw\u00e4lten und ihren Auftraggebern besteht auf Antrag die&nbsp;<br>M\u00f6glichkeit der au\u00dfergerichtlichen Streitschlichtung bei der regionalen&nbsp;<br>Hanseatische Rechtsanwaltskammer Hamburg&nbsp;(gem\u00e4\u00df \u00a7 73 Abs. 2 Nr. 3 i.V.m. \u00a7 73 Abs. 5 BRAO) oder bei&nbsp;<br>der Schlichtungsstelle der Rechtsanwaltschaft (\u00a7191 f. BRAO) bei der Bundesrechtsanwalts-&nbsp;<br>kammer,im Internet zu finden \u00fcber die Homepage der Bundesrechtsanwaltskammer (<a rel=\"noreferrer noopener\" href=\"http:\/\/www.brak.de\/\" target=\"_blank\">www.brak.de<\/a>),&nbsp;<br>E-Mail&nbsp;<a href=\"mailto:schlichtungsstelle@s-d-r.org\">schlichtungsstelle@s-d-r.org<\/a><\/p>","protected":false},"excerpt":{"rendered":"<p>Angaben gem\u00e4\u00df \u00a7 5 TMG: Dr. Michael Ivens LL.M (LSE)Am Kaiserkai 6220457 HamburgDeutschland E-Mail-Adresse:&nbsp;mivens@weiland-rechtsanwaelte.deTelefon:&nbsp;+49 (0)40 361307 281 Verantwortlich f\u00fcr die InhalteDr. Michael Ivens LL.M (LSE) Berufsrechtliche K\u00f6rperschaftHanseatische Rechtsanwaltskammer HamburgK\u00f6rperschaft des \u00d6ffentlichen Rechts&nbsp;Valentinskamp 88, 20355 HamburgT 040 \/ 35 74 41-0F 040 \/ 35 74 41-41info@rak-hamburg.de Gesetzliche BerufsbezeichnungDie Berufsbezeichnungen Rechtsanwalt\/Rechtsanw\u00e4ltin werden von der&nbsp;Bundesrepublik Deutschland (Bundesland HH) &#8230; <a title=\"Imprint\" class=\"read-more\" href=\"https:\/\/www.michael-ivens-hamburg.de\/en\/impressum\/\">Read more <span class=\"screen-reader-text\">Imprint<\/span><\/a><\/p>","protected":false},"author":1,"featured_media":0,"parent":0,"menu_order":0,"comment_status":"closed","ping_status":"closed","template":"","meta":[],"yoast_head":"<!-- This site is optimized with the Yoast SEO plugin v16.2 - https:\/\/yoast.com\/wordpress\/plugins\/seo\/ -->\n<title>Impressum - Dr. Michael Ivens<\/title>\n<meta name=\"robots\" content=\"index, follow, max-snippet:-1, max-image-preview:large, max-video-preview:-1\" \/>\n<link rel=\"canonical\" href=\"https:\/\/www.michael-ivens-hamburg.de\/en\/impressum\/\" \/>\n<meta property=\"og:locale\" content=\"en_US\" \/>\n<meta property=\"og:type\" content=\"article\" \/>\n<meta property=\"og:title\" content=\"Impressum - Dr. Michael Ivens\" \/>\n<meta property=\"og:description\" content=\"Angaben gem\u00e4\u00df \u00a7 5 TMG: Dr. Michael Ivens LL.M (LSE)Am Kaiserkai 6220457 HamburgDeutschland E-Mail-Adresse:&nbsp;mivens@weiland-rechtsanwaelte.deTelefon:&nbsp;+49 (0)40 361307 281 Verantwortlich f\u00fcr die InhalteDr. Michael Ivens LL.M (LSE) Berufsrechtliche K\u00f6rperschaftHanseatische Rechtsanwaltskammer HamburgK\u00f6rperschaft des \u00d6ffentlichen Rechts&nbsp;Valentinskamp 88, 20355 HamburgT 040 \/ 35 74 41-0F 040 \/ 35 74 41-41info@rak-hamburg.de Gesetzliche BerufsbezeichnungDie Berufsbezeichnungen Rechtsanwalt\/Rechtsanw\u00e4ltin werden von der&nbsp;Bundesrepublik Deutschland (Bundesland HH) ... Read more Impressum\" \/>\n<meta property=\"og:url\" content=\"https:\/\/www.michael-ivens-hamburg.de\/en\/impressum\/\" \/>\n<meta property=\"og:site_name\" content=\"Dr. Michael Ivens\" \/>\n<meta property=\"article:modified_time\" content=\"2021-05-04T10:54:57+00:00\" \/>\n<meta name=\"twitter:card\" content=\"summary_large_image\" \/>\n<meta name=\"twitter:label1\" content=\"Est. reading time\">\n\t<meta name=\"twitter:data1\" content=\"1 minute\">\n<script type=\"application\/ld+json\" class=\"yoast-schema-graph\">{\"@context\":\"https:\/\/schema.org\",\"@graph\":[{\"@type\":\"WebSite\",\"@id\":\"https:\/\/www.michael-ivens-hamburg.de\/#website\",\"url\":\"https:\/\/www.michael-ivens-hamburg.de\/\",\"name\":\"Dr. Michael Ivens\",\"description\":\"Anwalt f&uuml;r Wirtschaftsrecht und Verm&ouml;gensnachfolge in Hamburg\",\"potentialAction\":[{\"@type\":\"SearchAction\",\"target\":\"https:\/\/www.michael-ivens-hamburg.de\/?s={search_term_string}\",\"query-input\":\"required name=search_term_string\"}],\"inLanguage\":\"en-US\"},{\"@type\":\"WebPage\",\"@id\":\"https:\/\/www.michael-ivens-hamburg.de\/en\/impressum\/#webpage\",\"url\":\"https:\/\/www.michael-ivens-hamburg.de\/en\/impressum\/\",\"name\":\"Impressum - Dr. Michael Ivens\",\"isPartOf\":{\"@id\":\"https:\/\/www.michael-ivens-hamburg.de\/#website\"},\"datePublished\":\"2020-03-13T12:49:23+00:00\",\"dateModified\":\"2021-05-04T10:54:57+00:00\",\"breadcrumb\":{\"@id\":\"https:\/\/www.michael-ivens-hamburg.de\/en\/impressum\/#breadcrumb\"},\"inLanguage\":\"en-US\",\"potentialAction\":[{\"@type\":\"ReadAction\",\"target\":[\"https:\/\/www.michael-ivens-hamburg.de\/en\/impressum\/\"]}]},{\"@type\":\"BreadcrumbList\",\"@id\":\"https:\/\/www.michael-ivens-hamburg.de\/en\/impressum\/#breadcrumb\",\"itemListElement\":[{\"@type\":\"ListItem\",\"position\":1,\"item\":{\"@type\":\"WebPage\",\"@id\":\"https:\/\/www.michael-ivens-hamburg.de\/\",\"url\":\"https:\/\/www.michael-ivens-hamburg.de\/\",\"name\":\"Startseite\"}},{\"@type\":\"ListItem\",\"position\":2,\"item\":{\"@id\":\"https:\/\/www.michael-ivens-hamburg.de\/en\/impressum\/#webpage\"}}]}]}<\/script>\n<!-- \/ Yoast SEO plugin. -->","_links":{"self":[{"href":"https:\/\/www.michael-ivens-hamburg.de\/en\/wp-json\/wp\/v2\/pages\/211"}],"collection":[{"href":"https:\/\/www.michael-ivens-hamburg.de\/en\/wp-json\/wp\/v2\/pages"}],"about":[{"href":"https:\/\/www.michael-ivens-hamburg.de\/en\/wp-json\/wp\/v2\/types\/page"}],"author":[{"embeddable":true,"href":"https:\/\/www.michael-ivens-hamburg.de\/en\/wp-json\/wp\/v2\/users\/1"}],"replies":[{"embeddable":true,"href":"https:\/\/www.michael-ivens-hamburg.de\/en\/wp-json\/wp\/v2\/comments?post=211"}],"version-history":[{"count":7,"href":"https:\/\/www.michael-ivens-hamburg.de\/en\/wp-json\/wp\/v2\/pages\/211\/revisions"}],"predecessor-version":[{"id":406,"href":"https:\/\/www.michael-ivens-hamburg.de\/en\/wp-json\/wp\/v2\/pages\/211\/revisions\/406"}],"wp:attachment":[{"href":"https:\/\/www.michael-ivens-hamburg.de\/en\/wp-json\/wp\/v2\/media?parent=211"}],"curies":[{"name":"wp","href":"https:\/\/api.w.org\/{rel}","templated":true}]}}